{"id":710,"date":"2025-06-17T01:26:57","date_gmt":"2025-06-17T01:26:57","guid":{"rendered":"https:\/\/mundocalidad.com\/?page_id=710"},"modified":"2026-04-28T19:56:36","modified_gmt":"2026-04-28T19:56:36","slug":"gestion-2","status":"publish","type":"page","link":"https:\/\/mundocalidad.com\/index.php\/gestion-2\/","title":{"rendered":"Gesti\u00f3n"},"content":{"rendered":"\n<h2 class=\"wp-block-heading\">MundoCalidad.com: Art\u00edculos acad\u00e9micos para fortalecer tu gesti\u00f3n<\/h2>\n\n\n\n<p><strong>MundoCalidad.com<\/strong> se posiciona como un espacio de referencia acad\u00e9mica y profesional en temas de sistemas de gesti\u00f3n, planificaci\u00f3n estrat\u00e9gica y mejora organizacional. A trav\u00e9s de una selecci\u00f3n cuidada de art\u00edculos, investigaciones y gu\u00edas pr\u00e1cticas, el portal ofrece contenidos que abordan los desaf\u00edos reales de las organizaciones modernas.<\/p>\n\n\n\n<p>Uno de los ejes tem\u00e1ticos destacados en esta colecci\u00f3n es la <strong>gesti\u00f3n documental<\/strong>, entendida como un pilar fundamental para el funcionamiento eficaz de cualquier sistema de gesti\u00f3n (ISO 9001, 14001, 45001, 27001, entre otros). Los art\u00edculos exploran enfoques actuales para el control de documentos, trazabilidad, digitalizaci\u00f3n y cumplimiento normativo, aportando tanto fundamentos te\u00f3ricos como herramientas pr\u00e1cticas aplicables en distintos sectores.<\/p>\n\n\n\n<!-- ============================================================\n     BANNER ISO SLIDER - Mundo Calidad\n     INSTRUCCIONES PARA EL DISE\u00c3\u2018ADOR:\n     1. Copiar TODO el c\u00c3\u00b3digo de abajo\n     2. En WordPress, agregar un bloque \"HTML personalizado\"\n     3. Pegar el c\u00c3\u00b3digo y publicar la p\u00c3\u00a1gina\n     ============================================================ -->\n\n<style>.mc-slider-wrap{width:728px;height:90px;position:relative;overflow:hidden;border-radius:6px;box-shadow:0 3px 14px rgba(0,0,0,0.18);display:block;max-width:100%}.mc-slider-track{display:flex;width:calc(728px * 12);animation:mc-slide 18s linear infinite}.mc-slider-wrap:hover .mc-slider-track{animation-play-state:paused}@keyframes mc-slide{0%{transform:translateX(0)}100%{transform:translateX(calc(-728px * 6))}}.mc-slide-item{width:728px;height:90px;flex-shrink:0;display:block;position:relative}.mc-slide-item a{display:block;width:100%;height:100%;position:relative}.mc-slide-item img{width:728px;height:90px;object-fit:cover;display:block}.mc-wa-badge{position:absolute;right:12px;top:50%;transform:translateY(-50%) scale(0.85);background:#25D366;color:#fff;font-family:Arial,sans-serif;font-size:12px;font-weight:700;padding:5px 12px 5px 8px;border-radius:20px;display:flex;align-items:center;gap:6px;opacity:0;transition:opacity 0.2s ease,transform 0.2s ease;pointer-events:none;white-space:nowrap;box-shadow:0 2px 8px rgba(0,0,0,0.25)}.mc-slide-item a:hover .mc-wa-badge{opacity:1;transform:translateY(-50%) scale(1)}.mc-wa-badge svg{width:16px;height:16px;fill:#fff;flex-shrink:0}@media(max-width:760px){.mc-slider-wrap{width:100%;height:auto}.mc-slider-track{width:calc(100vw * 12);animation:mc-slide-mobile 18s linear infinite}.mc-slide-item{width:100vw;height:auto;aspect-ratio:728\/90}.mc-slide-item img{width:100vw;height:auto}@keyframes mc-slide-mobile{0%{transform:translateX(0)}100%{transform:translateX(calc(-100vw * 6))}}}<\/style>\n\n<div class=\"mc-slider-wrap\"><div class=\"mc-slider-track\">\n\n<div class=\"mc-slide-item\"><a href=\"https:\/\/wa.me\/595985626547?text=Hola%2C%20me%20interesa%20info%20sobre%20ISO%2000001\" target=\"_blank\" rel=\"noopener noreferrer\"><img decoding=\"async\" src=\"https:\/\/imagenes.mundocalidad.com\/banner_728_90\/iso_00001.png\" alt=\"ISO 00001\"><span class=\"mc-wa-badge\"><svg viewBox=\"0 0 24 24\"><path d=\"M17.472 14.382c-.297-.149-1.758-.867-2.03-.967-.273-.099-.471-.148-.67.15-.197.297-.767.966-.94 1.164-.173.199-.347.223-.644.075-.297-.15-1.255-.463-2.39-1.475-.883-.788-1.48-1.761-1.653-2.059-.173-.297-.018-.458.13-.606.134-.133.298-.347.446-.52.149-.174.198-.298.298-.497.099-.198.05-.371-.025-.52-.075-.149-.669-1.612-.916-2.207-.242-.579-.487-.5-.669-.51-.173-.008-.371-.01-.57-.01-.198 0-.52.074-.792.372-.272.297-1.04 1.016-1.04 2.479 0 1.462 1.065 2.875 1.213 3.074.149.198 2.096 3.2 5.077 4.487.709.306 1.262.489 1.694.625.712.227 1.36.195 1.871.118.571-.085 1.758-.719 2.006-1.413.248-.694.248-1.289.173-1.413-.074-.124-.272-.198-.57-.347zM12 0C5.373 0 0 5.373 0 12c0 2.123.557 4.116 1.532 5.845L.05 23.5l5.83-1.527A11.95 11.95 0 0012 24c6.627 0 12-5.373 12-12S18.627 0 12 0zm0 21.818a9.818 9.818 0 01-5.027-1.384l-.36-.214-3.733.979.995-3.636-.234-.373A9.818 9.818 0 1112 21.818z\"\/><\/svg>Consultar por WhatsApp<\/span><\/a><\/div>\n\n<div class=\"mc-slide-item\"><a href=\"https:\/\/wa.me\/595985626547?text=Hola%2C%20me%20interesa%20info%20sobre%20ISO%209001\" target=\"_blank\" rel=\"noopener noreferrer\"><img decoding=\"async\" src=\"https:\/\/imagenes.mundocalidad.com\/banner_728_90\/iso_9001.png\" alt=\"ISO 9001\"><span class=\"mc-wa-badge\"><svg viewBox=\"0 0 24 24\"><path d=\"M17.472 14.382c-.297-.149-1.758-.867-2.03-.967-.273-.099-.471-.148-.67.15-.197.297-.767.966-.94 1.164-.173.199-.347.223-.644.075-.297-.15-1.255-.463-2.39-1.475-.883-.788-1.48-1.761-1.653-2.059-.173-.297-.018-.458.13-.606.134-.133.298-.347.446-.52.149-.174.198-.298.298-.497.099-.198.05-.371-.025-.52-.075-.149-.669-1.612-.916-2.207-.242-.579-.487-.5-.669-.51-.173-.008-.371-.01-.57-.01-.198 0-.52.074-.792.372-.272.297-1.04 1.016-1.04 2.479 0 1.462 1.065 2.875 1.213 3.074.149.198 2.096 3.2 5.077 4.487.709.306 1.262.489 1.694.625.712.227 1.36.195 1.871.118.571-.085 1.758-.719 2.006-1.413.248-.694.248-1.289.173-1.413-.074-.124-.272-.198-.57-.347zM12 0C5.373 0 0 5.373 0 12c0 2.123.557 4.116 1.532 5.845L.05 23.5l5.83-1.527A11.95 11.95 0 0012 24c6.627 0 12-5.373 12-12S18.627 0 12 0zm0 21.818a9.818 9.818 0 01-5.027-1.384l-.36-.214-3.733.979.995-3.636-.234-.373A9.818 9.818 0 1112 21.818z\"\/><\/svg>Consultar por WhatsApp<\/span><\/a><\/div>\n\n<div class=\"mc-slide-item\"><a href=\"https:\/\/wa.me\/595985626547?text=Hola%2C%20me%20interesa%20info%20sobre%20ISO%2014001\" target=\"_blank\" rel=\"noopener noreferrer\"><img decoding=\"async\" src=\"https:\/\/imagenes.mundocalidad.com\/banner_728_90\/iso_14001.png\" alt=\"ISO 14001\"><span class=\"mc-wa-badge\"><svg viewBox=\"0 0 24 24\"><path d=\"M17.472 14.382c-.297-.149-1.758-.867-2.03-.967-.273-.099-.471-.148-.67.15-.197.297-.767.966-.94 1.164-.173.199-.347.223-.644.075-.297-.15-1.255-.463-2.39-1.475-.883-.788-1.48-1.761-1.653-2.059-.173-.297-.018-.458.13-.606.134-.133.298-.347.446-.52.149-.174.198-.298.298-.497.099-.198.05-.371-.025-.52-.075-.149-.669-1.612-.916-2.207-.242-.579-.487-.5-.669-.51-.173-.008-.371-.01-.57-.01-.198 0-.52.074-.792.372-.272.297-1.04 1.016-1.04 2.479 0 1.462 1.065 2.875 1.213 3.074.149.198 2.096 3.2 5.077 4.487.709.306 1.262.489 1.694.625.712.227 1.36.195 1.871.118.571-.085 1.758-.719 2.006-1.413.248-.694.248-1.289.173-1.413-.074-.124-.272-.198-.57-.347zM12 0C5.373 0 0 5.373 0 12c0 2.123.557 4.116 1.532 5.845L.05 23.5l5.83-1.527A11.95 11.95 0 0012 24c6.627 0 12-5.373 12-12S18.627 0 12 0zm0 21.818a9.818 9.818 0 01-5.027-1.384l-.36-.214-3.733.979.995-3.636-.234-.373A9.818 9.818 0 1112 21.818z\"\/><\/svg>Consultar por WhatsApp<\/span><\/a><\/div>\n\n<div class=\"mc-slide-item\"><a href=\"https:\/\/wa.me\/595985626547?text=Hola%2C%20me%20interesa%20info%20sobre%20ISO%2022000\" target=\"_blank\" rel=\"noopener noreferrer\"><img decoding=\"async\" src=\"https:\/\/imagenes.mundocalidad.com\/banner_728_90\/iso_22000.png\" alt=\"ISO 22000\"><span class=\"mc-wa-badge\"><svg viewBox=\"0 0 24 24\"><path d=\"M17.472 14.382c-.297-.149-1.758-.867-2.03-.967-.273-.099-.471-.148-.67.15-.197.297-.767.966-.94 1.164-.173.199-.347.223-.644.075-.297-.15-1.255-.463-2.39-1.475-.883-.788-1.48-1.761-1.653-2.059-.173-.297-.018-.458.13-.606.134-.133.298-.347.446-.52.149-.174.198-.298.298-.497.099-.198.05-.371-.025-.52-.075-.149-.669-1.612-.916-2.207-.242-.579-.487-.5-.669-.51-.173-.008-.371-.01-.57-.01-.198 0-.52.074-.792.372-.272.297-1.04 1.016-1.04 2.479 0 1.462 1.065 2.875 1.213 3.074.149.198 2.096 3.2 5.077 4.487.709.306 1.262.489 1.694.625.712.227 1.36.195 1.871.118.571-.085 1.758-.719 2.006-1.413.248-.694.248-1.289.173-1.413-.074-.124-.272-.198-.57-.347zM12 0C5.373 0 0 5.373 0 12c0 2.123.557 4.116 1.532 5.845L.05 23.5l5.83-1.527A11.95 11.95 0 0012 24c6.627 0 12-5.373 12-12S18.627 0 12 0zm0 21.818a9.818 9.818 0 01-5.027-1.384l-.36-.214-3.733.979.995-3.636-.234-.373A9.818 9.818 0 1112 21.818z\"\/><\/svg>Consultar por WhatsApp<\/span><\/a><\/div>\n\n<div class=\"mc-slide-item\"><a href=\"https:\/\/wa.me\/595985626547?text=Hola%2C%20me%20interesa%20info%20sobre%20ISO%2027001\" target=\"_blank\" rel=\"noopener noreferrer\"><img decoding=\"async\" src=\"https:\/\/imagenes.mundocalidad.com\/banner_728_90\/iso_27001.png\" alt=\"ISO 27001\"><span class=\"mc-wa-badge\"><svg viewBox=\"0 0 24 24\"><path d=\"M17.472 14.382c-.297-.149-1.758-.867-2.03-.967-.273-.099-.471-.148-.67.15-.197.297-.767.966-.94 1.164-.173.199-.347.223-.644.075-.297-.15-1.255-.463-2.39-1.475-.883-.788-1.48-1.761-1.653-2.059-.173-.297-.018-.458.13-.606.134-.133.298-.347.446-.52.149-.174.198-.298.298-.497.099-.198.05-.371-.025-.52-.075-.149-.669-1.612-.916-2.207-.242-.579-.487-.5-.669-.51-.173-.008-.371-.01-.57-.01-.198 0-.52.074-.792.372-.272.297-1.04 1.016-1.04 2.479 0 1.462 1.065 2.875 1.213 3.074.149.198 2.096 3.2 5.077 4.487.709.306 1.262.489 1.694.625.712.227 1.36.195 1.871.118.571-.085 1.758-.719 2.006-1.413.248-.694.248-1.289.173-1.413-.074-.124-.272-.198-.57-.347zM12 0C5.373 0 0 5.373 0 12c0 2.123.557 4.116 1.532 5.845L.05 23.5l5.83-1.527A11.95 11.95 0 0012 24c6.627 0 12-5.373 12-12S18.627 0 12 0zm0 21.818a9.818 9.818 0 01-5.027-1.384l-.36-.214-3.733.979.995-3.636-.234-.373A9.818 9.818 0 1112 21.818z\"\/><\/svg>Consultar por WhatsApp<\/span><\/a><\/div>\n\n<div class=\"mc-slide-item\"><a href=\"https:\/\/wa.me\/595985626547?text=Hola%2C%20me%20interesa%20info%20sobre%20ISO%2045001\" target=\"_blank\" rel=\"noopener noreferrer\"><img decoding=\"async\" src=\"https:\/\/imagenes.mundocalidad.com\/banner_728_90\/iso_45001.png\" alt=\"ISO 45001\"><span class=\"mc-wa-badge\"><svg viewBox=\"0 0 24 24\"><path d=\"M17.472 14.382c-.297-.149-1.758-.867-2.03-.967-.273-.099-.471-.148-.67.15-.197.297-.767.966-.94 1.164-.173.199-.347.223-.644.075-.297-.15-1.255-.463-2.39-1.475-.883-.788-1.48-1.761-1.653-2.059-.173-.297-.018-.458.13-.606.134-.133.298-.347.446-.52.149-.174.198-.298.298-.497.099-.198.05-.371-.025-.52-.075-.149-.669-1.612-.916-2.207-.242-.579-.487-.5-.669-.51-.173-.008-.371-.01-.57-.01-.198 0-.52.074-.792.372-.272.297-1.04 1.016-1.04 2.479 0 1.462 1.065 2.875 1.213 3.074.149.198 2.096 3.2 5.077 4.487.709.306 1.262.489 1.694.625.712.227 1.36.195 1.871.118.571-.085 1.758-.719 2.006-1.413.248-.694.248-1.289.173-1.413-.074-.124-.272-.198-.57-.347zM12 0C5.373 0 0 5.373 0 12c0 2.123.557 4.116 1.532 5.845L.05 23.5l5.83-1.527A11.95 11.95 0 0012 24c6.627 0 12-5.373 12-12S18.627 0 12 0zm0 21.818a9.818 9.818 0 01-5.027-1.384l-.36-.214-3.733.979.995-3.636-.234-.373A9.818 9.818 0 1112 21.818z\"\/><\/svg>Consultar por WhatsApp<\/span><\/a><\/div>\n\n<!-- DUPLICADO PARA LOOP SIN SALTO -->\n\n<div class=\"mc-slide-item\"><a href=\"https:\/\/wa.me\/595985626547?text=Hola%2C%20me%20interesa%20info%20sobre%20ISO%2000001\" target=\"_blank\" rel=\"noopener noreferrer\"><img decoding=\"async\" src=\"https:\/\/imagenes.mundocalidad.com\/banner_728_90\/iso_00001.png\" alt=\"ISO 00001\"><span class=\"mc-wa-badge\"><svg viewBox=\"0 0 24 24\"><path d=\"M17.472 14.382c-.297-.149-1.758-.867-2.03-.967-.273-.099-.471-.148-.67.15-.197.297-.767.966-.94 1.164-.173.199-.347.223-.644.075-.297-.15-1.255-.463-2.39-1.475-.883-.788-1.48-1.761-1.653-2.059-.173-.297-.018-.458.13-.606.134-.133.298-.347.446-.52.149-.174.198-.298.298-.497.099-.198.05-.371-.025-.52-.075-.149-.669-1.612-.916-2.207-.242-.579-.487-.5-.669-.51-.173-.008-.371-.01-.57-.01-.198 0-.52.074-.792.372-.272.297-1.04 1.016-1.04 2.479 0 1.462 1.065 2.875 1.213 3.074.149.198 2.096 3.2 5.077 4.487.709.306 1.262.489 1.694.625.712.227 1.36.195 1.871.118.571-.085 1.758-.719 2.006-1.413.248-.694.248-1.289.173-1.413-.074-.124-.272-.198-.57-.347zM12 0C5.373 0 0 5.373 0 12c0 2.123.557 4.116 1.532 5.845L.05 23.5l5.83-1.527A11.95 11.95 0 0012 24c6.627 0 12-5.373 12-12S18.627 0 12 0zm0 21.818a9.818 9.818 0 01-5.027-1.384l-.36-.214-3.733.979.995-3.636-.234-.373A9.818 9.818 0 1112 21.818z\"\/><\/svg>Consultar por WhatsApp<\/span><\/a><\/div>\n\n<div class=\"mc-slide-item\"><a href=\"https:\/\/wa.me\/595985626547?text=Hola%2C%20me%20interesa%20info%20sobre%20ISO%209001\" target=\"_blank\" rel=\"noopener noreferrer\"><img decoding=\"async\" src=\"https:\/\/imagenes.mundocalidad.com\/banner_728_90\/iso_9001.png\" alt=\"ISO 9001\"><span class=\"mc-wa-badge\"><svg viewBox=\"0 0 24 24\"><path d=\"M17.472 14.382c-.297-.149-1.758-.867-2.03-.967-.273-.099-.471-.148-.67.15-.197.297-.767.966-.94 1.164-.173.199-.347.223-.644.075-.297-.15-1.255-.463-2.39-1.475-.883-.788-1.48-1.761-1.653-2.059-.173-.297-.018-.458.13-.606.134-.133.298-.347.446-.52.149-.174.198-.298.298-.497.099-.198.05-.371-.025-.52-.075-.149-.669-1.612-.916-2.207-.242-.579-.487-.5-.669-.51-.173-.008-.371-.01-.57-.01-.198 0-.52.074-.792.372-.272.297-1.04 1.016-1.04 2.479 0 1.462 1.065 2.875 1.213 3.074.149.198 2.096 3.2 5.077 4.487.709.306 1.262.489 1.694.625.712.227 1.36.195 1.871.118.571-.085 1.758-.719 2.006-1.413.248-.694.248-1.289.173-1.413-.074-.124-.272-.198-.57-.347zM12 0C5.373 0 0 5.373 0 12c0 2.123.557 4.116 1.532 5.845L.05 23.5l5.83-1.527A11.95 11.95 0 0012 24c6.627 0 12-5.373 12-12S18.627 0 12 0zm0 21.818a9.818 9.818 0 01-5.027-1.384l-.36-.214-3.733.979.995-3.636-.234-.373A9.818 9.818 0 1112 21.818z\"\/><\/svg>Consultar por WhatsApp<\/span><\/a><\/div>\n\n<div class=\"mc-slide-item\"><a href=\"https:\/\/wa.me\/595985626547?text=Hola%2C%20me%20interesa%20info%20sobre%20ISO%2014001\" target=\"_blank\" rel=\"noopener noreferrer\"><img decoding=\"async\" src=\"https:\/\/imagenes.mundocalidad.com\/banner_728_90\/iso_14001.png\" alt=\"ISO 14001\"><span class=\"mc-wa-badge\"><svg viewBox=\"0 0 24 24\"><path d=\"M17.472 14.382c-.297-.149-1.758-.867-2.03-.967-.273-.099-.471-.148-.67.15-.197.297-.767.966-.94 1.164-.173.199-.347.223-.644.075-.297-.15-1.255-.463-2.39-1.475-.883-.788-1.48-1.761-1.653-2.059-.173-.297-.018-.458.13-.606.134-.133.298-.347.446-.52.149-.174.198-.298.298-.497.099-.198.05-.371-.025-.52-.075-.149-.669-1.612-.916-2.207-.242-.579-.487-.5-.669-.51-.173-.008-.371-.01-.57-.01-.198 0-.52.074-.792.372-.272.297-1.04 1.016-1.04 2.479 0 1.462 1.065 2.875 1.213 3.074.149.198 2.096 3.2 5.077 4.487.709.306 1.262.489 1.694.625.712.227 1.36.195 1.871.118.571-.085 1.758-.719 2.006-1.413.248-.694.248-1.289.173-1.413-.074-.124-.272-.198-.57-.347zM12 0C5.373 0 0 5.373 0 12c0 2.123.557 4.116 1.532 5.845L.05 23.5l5.83-1.527A11.95 11.95 0 0012 24c6.627 0 12-5.373 12-12S18.627 0 12 0zm0 21.818a9.818 9.818 0 01-5.027-1.384l-.36-.214-3.733.979.995-3.636-.234-.373A9.818 9.818 0 1112 21.818z\"\/><\/svg>Consultar por WhatsApp<\/span><\/a><\/div>\n\n<div class=\"mc-slide-item\"><a href=\"https:\/\/wa.me\/595985626547?text=Hola%2C%20me%20interesa%20info%20sobre%20ISO%2022000\" target=\"_blank\" rel=\"noopener noreferrer\"><img decoding=\"async\" src=\"https:\/\/imagenes.mundocalidad.com\/banner_728_90\/iso_22000.png\" alt=\"ISO 22000\"><span class=\"mc-wa-badge\"><svg viewBox=\"0 0 24 24\"><path d=\"M17.472 14.382c-.297-.149-1.758-.867-2.03-.967-.273-.099-.471-.148-.67.15-.197.297-.767.966-.94 1.164-.173.199-.347.223-.644.075-.297-.15-1.255-.463-2.39-1.475-.883-.788-1.48-1.761-1.653-2.059-.173-.297-.018-.458.13-.606.134-.133.298-.347.446-.52.149-.174.198-.298.298-.497.099-.198.05-.371-.025-.52-.075-.149-.669-1.612-.916-2.207-.242-.579-.487-.5-.669-.51-.173-.008-.371-.01-.57-.01-.198 0-.52.074-.792.372-.272.297-1.04 1.016-1.04 2.479 0 1.462 1.065 2.875 1.213 3.074.149.198 2.096 3.2 5.077 4.487.709.306 1.262.489 1.694.625.712.227 1.36.195 1.871.118.571-.085 1.758-.719 2.006-1.413.248-.694.248-1.289.173-1.413-.074-.124-.272-.198-.57-.347zM12 0C5.373 0 0 5.373 0 12c0 2.123.557 4.116 1.532 5.845L.05 23.5l5.83-1.527A11.95 11.95 0 0012 24c6.627 0 12-5.373 12-12S18.627 0 12 0zm0 21.818a9.818 9.818 0 01-5.027-1.384l-.36-.214-3.733.979.995-3.636-.234-.373A9.818 9.818 0 1112 21.818z\"\/><\/svg>Consultar por WhatsApp<\/span><\/a><\/div>\n\n<div class=\"mc-slide-item\"><a href=\"https:\/\/wa.me\/595985626547?text=Hola%2C%20me%20interesa%20info%20sobre%20ISO%2027001\" target=\"_blank\" rel=\"noopener noreferrer\"><img decoding=\"async\" src=\"https:\/\/imagenes.mundocalidad.com\/banner_728_90\/iso_27001.png\" alt=\"ISO 27001\"><span class=\"mc-wa-badge\"><svg viewBox=\"0 0 24 24\"><path d=\"M17.472 14.382c-.297-.149-1.758-.867-2.03-.967-.273-.099-.471-.148-.67.15-.197.297-.767.966-.94 1.164-.173.199-.347.223-.644.075-.297-.15-1.255-.463-2.39-1.475-.883-.788-1.48-1.761-1.653-2.059-.173-.297-.018-.458.13-.606.134-.133.298-.347.446-.52.149-.174.198-.298.298-.497.099-.198.05-.371-.025-.52-.075-.149-.669-1.612-.916-2.207-.242-.579-.487-.5-.669-.51-.173-.008-.371-.01-.57-.01-.198 0-.52.074-.792.372-.272.297-1.04 1.016-1.04 2.479 0 1.462 1.065 2.875 1.213 3.074.149.198 2.096 3.2 5.077 4.487.709.306 1.262.489 1.694.625.712.227 1.36.195 1.871.118.571-.085 1.758-.719 2.006-1.413.248-.694.248-1.289.173-1.413-.074-.124-.272-.198-.57-.347zM12 0C5.373 0 0 5.373 0 12c0 2.123.557 4.116 1.532 5.845L.05 23.5l5.83-1.527A11.95 11.95 0 0012 24c6.627 0 12-5.373 12-12S18.627 0 12 0zm0 21.818a9.818 9.818 0 01-5.027-1.384l-.36-.214-3.733.979.995-3.636-.234-.373A9.818 9.818 0 1112 21.818z\"\/><\/svg>Consultar por WhatsApp<\/span><\/a><\/div>\n\n<div class=\"mc-slide-item\"><a href=\"https:\/\/wa.me\/595985626547?text=Hola%2C%20me%20interesa%20info%20sobre%20ISO%2045001\" target=\"_blank\" rel=\"noopener noreferrer\"><img decoding=\"async\" src=\"https:\/\/imagenes.mundocalidad.com\/banner_728_90\/iso_45001.png\" alt=\"ISO 45001\"><span class=\"mc-wa-badge\"><svg viewBox=\"0 0 24 24\"><path d=\"M17.472 14.382c-.297-.149-1.758-.867-2.03-.967-.273-.099-.471-.148-.67.15-.197.297-.767.966-.94 1.164-.173.199-.347.223-.644.075-.297-.15-1.255-.463-2.39-1.475-.883-.788-1.48-1.761-1.653-2.059-.173-.297-.018-.458.13-.606.134-.133.298-.347.446-.52.149-.174.198-.298.298-.497.099-.198.05-.371-.025-.52-.075-.149-.669-1.612-.916-2.207-.242-.579-.487-.5-.669-.51-.173-.008-.371-.01-.57-.01-.198 0-.52.074-.792.372-.272.297-1.04 1.016-1.04 2.479 0 1.462 1.065 2.875 1.213 3.074.149.198 2.096 3.2 5.077 4.487.709.306 1.262.489 1.694.625.712.227 1.36.195 1.871.118.571-.085 1.758-.719 2.006-1.413.248-.694.248-1.289.173-1.413-.074-.124-.272-.198-.57-.347zM12 0C5.373 0 0 5.373 0 12c0 2.123.557 4.116 1.532 5.845L.05 23.5l5.83-1.527A11.95 11.95 0 0012 24c6.627 0 12-5.373 12-12S18.627 0 12 0zm0 21.818a9.818 9.818 0 01-5.027-1.384l-.36-.214-3.733.979.995-3.636-.234-.373A9.818 9.818 0 1112 21.818z\"\/><\/svg>Consultar por WhatsApp<\/span><\/a><\/div>\n\n<\/div><\/div>\n<br>\n\n\n\n<p>Adem\u00e1s, se incluyen contenidos sobre <strong>planificaci\u00f3n estrat\u00e9gica<\/strong>, an\u00e1lisis FODA, evaluaci\u00f3n de riesgos, indicadores de desempe\u00f1o y alineaci\u00f3n de objetivos institucionales, lo que convierte a MundoCalidad.com en una fuente valiosa para profesionales, consultores y estudiantes que buscan <strong>mejorar su comprensi\u00f3n e implementaci\u00f3n de modelos de gesti\u00f3n organizacional<\/strong>.<\/p>\n\n\n\n<p>Cada publicaci\u00f3n est\u00e1 dise\u00f1ada para ser <strong>accesible, rigurosa y aplicable<\/strong>, permitiendo que el lector no solo comprenda los conceptos, sino que pueda trasladarlos f\u00e1cilmente a su realidad operativa. A esto se suma la inclusi\u00f3n de <strong>plantillas, formatos y herramientas descargables<\/strong>, que complementan la lectura con recursos de aplicaci\u00f3n inmediata.<\/p>\n\n\n\n<div class=\"wp-block-group is-vertical is-layout-flex wp-container-core-group-is-layout-fe9cc265 wp-block-group-is-layout-flex\">\n<div class=\"wp-block-group is-vertical is-nowrap is-layout-flex wp-container-core-group-is-layout-3655d5c7 wp-block-group-is-layout-flex\">\n<p><a href=\"https:\/\/mundocalidad.com\/index.php\/2024\/06\/17\/documentacion-base-de-un-sistema-de-gestion-iso-9001-ejemplos-y-estructura-sugerida\/\" target=\"_blank\" rel=\"noreferrer noopener\">SISTEMA DOCUMENTAL | Normas ISO (Informaci\u00f3n documentada sugerida)<\/a><\/p>\n\n\n\n<p><a href=\"https:\/\/mundocalidad.com\/index.php\/2025\/06\/16\/analisis-foda-que-es-para-que-sirve-y-como-aplicarlo-en-tu-organizacion\/\" target=\"_blank\" rel=\"noreferrer noopener\">FODA | Herramienta para el an\u00e1lisis del contexto<\/a>  <\/p>\n\n\n\n<p><a href=\"https:\/\/mundocalidad.com\/index.php\/2024\/06\/17\/que-es-el-analisis-pestal-y-para-que-sirve-en-la-gestion-empresarial\/\" target=\"_blank\" rel=\"noreferrer noopener\">PESTAL | Herramienta para el an\u00e1lisis del MacroEntorno<\/a><\/p>\n\n\n\n<p><a href=\"https:\/\/mundocalidad.com\/index.php\/2025\/01\/06\/exemplo-para-crear-un-procedimiento-de-gestion-del-riesgo-basico\/\" target=\"_blank\" rel=\"noreferrer noopener\">Ejemplo de un procedimiento para gestionar el riesgo<\/a><\/p>\n\n\n\n<p><a href=\"https:\/\/mundocalidad.com\/index.php\/2024\/06\/17\/para-que-sirve-la-auditoria-interna-en-una-norma-iso\/\" target=\"_blank\" rel=\"noreferrer noopener\">La auditor\u00eda interna | Para qu\u00e9 nos sirve<\/a><\/p>\n\n\n\n<p><a href=\"https:\/\/mundocalidad.com\/articulos\/Anexo_A_declaracion_de_aplicabilidad.pdf\" target=\"_blank\" rel=\"noreferrer noopener\">Ejemplo de una Declaraci\u00f3n de Aplicabilidad (Anexo A) ISO\/IEC 27001:2022<\/a><\/p>\n\n\n\n<p><a href=\"https:\/\/mundocalidad.com\/index.php\/2025\/06\/25\/que-es-para-un-sistema-iso-la-revision-por-la-direccion\/\" target=\"_blank\" rel=\"noreferrer noopener\">Qu\u00e9 es y c\u00f3mo realizar una revisi\u00f3n por la Direcci\u00f3n<\/a><\/p>\n\n\n\n<p class=\"wp-container-content-69bc4bdf\"><a href=\"https:\/\/mundocalidad.com\/index.php\/2025\/07\/06\/que-es-un-proyecto-y-que-normas-existen-para-su-gestion\/\" target=\"_blank\" rel=\"noreferrer noopener\">Gu\u00eda pr\u00e1tica para desarrollar un proyecto<\/a><\/p>\n\n\n\n<p><a href=\"https:\/\/mundocalidad.com\/index.php\/2024\/07\/10\/proyecto-ejemplo-instalacion-de-un-generador-electrico-en-centro-de-atencion-medica\/\" target=\"_blank\" rel=\"noreferrer noopener\">Proyecto ejemplo: Instalaci\u00f3n de un Generador El\u00e9ctrico en Centro de Atenci\u00f3n M\u00e9dica<\/a><\/p>\n<\/div>\n\n\n\n<p><a href=\"https:\/\/mundocalidad.com\/index.php\/2025\/07\/14\/encuestas-de-satisfaccion-efectivas-como-obtener-informacion-valiosa-de-tus-clientes\/\" target=\"_blank\" rel=\"noreferrer noopener\">Las encuestas: una herramienta de gesti\u00f3n que debe dise\u00f1arse con cuidado<\/a><\/p>\n<\/div>\n\n\n\n<p><a href=\"https:\/\/mundocalidad.com\/index.php\/2025\/08\/02\/iso-50001-gestion-de-la-energia-requisito-6-3-revision-energetica\/\" target=\"_blank\" rel=\"noreferrer noopener\">Implementaci\u00f3n del Requisito 6.3 \u00abRevisi\u00f3n energ\u00e9tica\u00bb de la Norma ISO 50001<\/a><\/p>\n\n\n\n<p><a href=\"https:\/\/mundocalidad.com\/index.php\/2025\/07\/07\/iso-iec-27001-la-clave-para-proteger-la-informacion-de-tu-organizacion\/\">Norma ISO\/IEC 27001:2022<\/a><\/p>\n\n\n\n<p><a href=\"https:\/\/mundocalidad.com\/index.php\/2026\/02\/20\/iso-iec-270022022\/\">Norma ISO\/IEC 27002:2022<\/a><\/p>\n\n\n\n<p><a href=\"https:\/\/mundocalidad.com\/index.php\/2026\/02\/20\/iso-iec-270172015-el-estandar-para-la-seguridad-en-la-nube\/\" target=\"_blank\" rel=\"noreferrer noopener\">Norma ISO\/IEC 27017:2015<\/a><\/p>\n\n\n\n<p><a href=\"https:\/\/mundocalidad.com\/index.php\/2026\/02\/20\/iso-iec-27018-proteccion-de-datos-personales-en-la-nube-publica\/\" target=\"_blank\" rel=\"noreferrer noopener\">Norma ISO\/IEC 27018:2025<\/a><\/p>\n\n\n\n<p><a href=\"https:\/\/mundocalidad.com\/index.php\/2026\/01\/01\/que-es-soc-2-tipo-ii\/\" target=\"_blank\" rel=\"noreferrer noopener\">SOC 2 Tipo II<\/a><\/p>\n\n\n\n<p><\/p>\n","protected":false},"excerpt":{"rendered":"<p>MundoCalidad.com: Art\u00edculos acad\u00e9micos para fortalecer tu gesti\u00f3n MundoCalidad.com se posiciona como un espacio de referencia acad\u00e9mica y profesional<\/p>\n","protected":false},"author":1,"featured_media":711,"parent":0,"menu_order":0,"comment_status":"closed","ping_status":"closed","template":"","meta":{"footnotes":""},"class_list":["post-710","page","type-page","status-publish","has-post-thumbnail","hentry"],"_links":{"self":[{"href":"https:\/\/mundocalidad.com\/index.php\/wp-json\/wp\/v2\/pages\/710","targetHints":{"allow":["GET"]}}],"collection":[{"href":"https:\/\/mundocalidad.com\/index.php\/wp-json\/wp\/v2\/pages"}],"about":[{"href":"https:\/\/mundocalidad.com\/index.php\/wp-json\/wp\/v2\/types\/page"}],"author":[{"embeddable":true,"href":"https:\/\/mundocalidad.com\/index.php\/wp-json\/wp\/v2\/users\/1"}],"replies":[{"embeddable":true,"href":"https:\/\/mundocalidad.com\/index.php\/wp-json\/wp\/v2\/comments?post=710"}],"version-history":[{"count":19,"href":"https:\/\/mundocalidad.com\/index.php\/wp-json\/wp\/v2\/pages\/710\/revisions"}],"predecessor-version":[{"id":2233,"href":"https:\/\/mundocalidad.com\/index.php\/wp-json\/wp\/v2\/pages\/710\/revisions\/2233"}],"wp:featuredmedia":[{"embeddable":true,"href":"https:\/\/mundocalidad.com\/index.php\/wp-json\/wp\/v2\/media\/711"}],"wp:attachment":[{"href":"https:\/\/mundocalidad.com\/index.php\/wp-json\/wp\/v2\/media?parent=710"}],"curies":[{"name":"wp","href":"https:\/\/api.w.org\/{rel}","templated":true}]}}