{"id":48,"date":"2024-06-18T18:44:47","date_gmt":"2024-06-18T18:44:47","guid":{"rendered":"https:\/\/mundocalidad.com\/?page_id=48"},"modified":"2024-06-18T18:44:48","modified_gmt":"2024-06-18T18:44:48","slug":"empresas","status":"publish","type":"page","link":"https:\/\/mundocalidad.com\/index.php\/empresas\/","title":{"rendered":"Empresas"},"content":{"rendered":"\n<p>Nos complace anunciar la incorporaci\u00f3n de nuestra nueva secci\u00f3n <strong>\u00abEmpresas\u00bb<\/strong> en <strong>MundoCalidad<\/strong>. En esta secci\u00f3n, destacaremos casos de \u00e9xito de empresas y empresarios vinculados a nuestro medio. Aqu\u00ed podr\u00e1 encontrar inspiradoras historias de crecimiento, innovaci\u00f3n y excelencia en la gesti\u00f3n de calidad, ambiental, energ\u00e9tica y otros \u00e1mbitos relevantes.<\/p>\n\n\n\n<p><strong>Descubra c\u00f3mo diversas organizaciones han logrado implementar con \u00e9xito normativas internacionales y c\u00f3mo sus l\u00edderes han impulsado el desarrollo y la sostenibilidad en sus respectivos sectores.<\/strong><\/p>\n\n\n\n<p>No se pierda las experiencias de aquellos que est\u00e1n haciendo una diferencia significativa y aprenda de sus estrategias y mejores pr\u00e1cticas para llevar su propia empresa al siguiente nivel.<\/p>\n\n\n\n<p>\u00a1Visite nuestra secci\u00f3n \u00abEmpresas\u00bb y d\u00e9jese inspirar por estos \u00e9xitos extraordinarios!<\/p>\n","protected":false},"excerpt":{"rendered":"<p>Nos complace anunciar la incorporaci\u00f3n de nuestra nueva secci\u00f3n \u00abEmpresas\u00bb en MundoCalidad. En esta secci\u00f3n, destacaremos casos de<\/p>\n","protected":false},"author":1,"featured_media":49,"parent":0,"menu_order":0,"comment_status":"closed","ping_status":"closed","template":"","meta":{"footnotes":""},"class_list":["post-48","page","type-page","status-publish","has-post-thumbnail","hentry"],"_links":{"self":[{"href":"https:\/\/mundocalidad.com\/index.php\/wp-json\/wp\/v2\/pages\/48","targetHints":{"allow":["GET"]}}],"collection":[{"href":"https:\/\/mundocalidad.com\/index.php\/wp-json\/wp\/v2\/pages"}],"about":[{"href":"https:\/\/mundocalidad.com\/index.php\/wp-json\/wp\/v2\/types\/page"}],"author":[{"embeddable":true,"href":"https:\/\/mundocalidad.com\/index.php\/wp-json\/wp\/v2\/users\/1"}],"replies":[{"embeddable":true,"href":"https:\/\/mundocalidad.com\/index.php\/wp-json\/wp\/v2\/comments?post=48"}],"version-history":[{"count":1,"href":"https:\/\/mundocalidad.com\/index.php\/wp-json\/wp\/v2\/pages\/48\/revisions"}],"predecessor-version":[{"id":50,"href":"https:\/\/mundocalidad.com\/index.php\/wp-json\/wp\/v2\/pages\/48\/revisions\/50"}],"wp:featuredmedia":[{"embeddable":true,"href":"https:\/\/mundocalidad.com\/index.php\/wp-json\/wp\/v2\/media\/49"}],"wp:attachment":[{"href":"https:\/\/mundocalidad.com\/index.php\/wp-json\/wp\/v2\/media?parent=48"}],"curies":[{"name":"wp","href":"https:\/\/api.w.org\/{rel}","templated":true}]}}